{"id":741,"date":"2024-11-10T20:35:47","date_gmt":"2024-11-10T19:35:47","guid":{"rendered":"https:\/\/trgovina-matematika.otroci.org\/?page_id=741"},"modified":"2024-11-10T20:35:48","modified_gmt":"2024-11-10T19:35:48","slug":"kontaktirajte-nas","status":"publish","type":"page","link":"https:\/\/trgovina-matematika.otroci.org\/index.php\/kontaktirajte-nas\/","title":{"rendered":"Kontaktirajte nas"},"content":{"rendered":"<p>Hvala vam na va\u0161em interesu! <br><br>Ako imate bilo kakva pitanja, komentare ili trebate dodatne informacije, molimo kontaktirajte nas na e mail <a href=\"mailto:matematika@otroci.org\" target=\"_blank\" rel=\"noreferrer noopener\">matematika@otroci.org<\/a> ili ispunite dolje navedeni kontakt obrazac. Veselimo se va\u0161e poruke i potrudit \u0107emo se da vam \u0161to prije odgovorimo. Va\u0161e povratne informacije su nam vrlo va\u017ene.<\/p><div class=\"wpforms-container wpforms-container-full wpforms-block wpforms-block-638e49f7-1af4-4c61-81d4-a199700757cc wpforms-render-modern\" id=\"wpforms-734\"><form id=\"wpforms-form-734\" class=\"wpforms-validate wpforms-form wpforms-ajax-form\" data-formid=\"734\" method=\"post\" enctype=\"multipart\/form-data\" action=\"\/index.php\/wp-json\/wp\/v2\/pages\/741\" data-token=\"3047e8e683a620015a94149eafb1ca30\" data-token-time=\"1777619579\"><noscript class=\"wpforms-error-noscript\">Please enable JavaScript in your browser to complete this form.<\/noscript><div class=\"wpforms-hidden\" id=\"wpforms-error-noscript\">Please enable JavaScript in your browser to complete this form.<\/div><div class=\"wpforms-field-container\"><div id=\"wpforms-734-field_1-container\" class=\"wpforms-field wpforms-field-name\" data-field-id=\"1\"><label class=\"wpforms-field-label\" for=\"wpforms-734-field_1\">Ime i Prezime <span class=\"wpforms-required-label\" aria-hidden=\"true\">*<\/span><\/label><input type=\"text\" id=\"wpforms-734-field_1\" class=\"wpforms-field-medium wpforms-field-required\" name=\"wpforms[fields][1]\" aria-errormessage=\"wpforms-734-field_1-error\" required><\/div><div id=\"wpforms-734-field_2-container\" class=\"wpforms-field wpforms-field-email\" data-field-id=\"2\"><label class=\"wpforms-field-label\" for=\"wpforms-734-field_2\">Email <span class=\"wpforms-required-label\" aria-hidden=\"true\">*<\/span><\/label><input type=\"email\" id=\"wpforms-734-field_2\" class=\"wpforms-field-medium wpforms-field-required\" name=\"wpforms[fields][2]\" spellcheck=\"false\" aria-errormessage=\"wpforms-734-field_2-error\" required><\/div><div id=\"wpforms-734-field_3-container\" class=\"wpforms-field wpforms-field-textarea\" data-field-id=\"3\"><label class=\"wpforms-field-label\" for=\"wpforms-734-field_3\">Komentar ili poruka <span class=\"wpforms-required-label\" aria-hidden=\"true\">*<\/span><\/label><textarea id=\"wpforms-734-field_3\" class=\"wpforms-field-medium wpforms-field-required\" name=\"wpforms[fields][3]\" aria-errormessage=\"wpforms-734-field_3-error\" required><\/textarea><\/div><\/div><!-- .wpforms-field-container --><div class=\"wpforms-submit-container\" ><input type=\"hidden\" name=\"wpforms[id]\" value=\"734\"><input type=\"hidden\" name=\"page_title\" value=\"\"><input type=\"hidden\" name=\"page_url\" value=\"https:\/\/trgovina-matematika.otroci.org\/index.php\/wp-json\/wp\/v2\/pages\/741\"><input type=\"hidden\" name=\"url_referer\" value=\"\"><button type=\"submit\" name=\"wpforms[submit]\" id=\"wpforms-submit-734\" class=\"wpforms-submit\" data-alt-text=\"\u0160aljem...\" data-submit-text=\"Po\u0161alji\" aria-live=\"assertive\" value=\"wpforms-submit\">Po\u0161alji<\/button><img loading=\"lazy\" decoding=\"async\" src=\"https:\/\/trgovina-matematika.otroci.org\/wp-content\/plugins\/wpforms-lite\/assets\/images\/submit-spin.svg\" class=\"wpforms-submit-spinner\" style=\"display: none;\" width=\"26\" height=\"26\" alt=\"Loading\"><\/div><\/form><\/div>  <!-- .wpforms-container -->","protected":false},"excerpt":{"rendered":"<p>Hvala vam na va\u0161em interesu! Ako imate bilo kakva pitanja, komentare ili trebate dodatne informacije, molimo kontaktirajte nas na e<\/p>\n","protected":false},"author":1,"featured_media":0,"parent":0,"menu_order":0,"comment_status":"closed","ping_status":"closed","template":"","meta":{"om_disable_all_campaigns":false,"_monsterinsights_skip_tracking":false,"_monsterinsights_sitenote_active":false,"_monsterinsights_sitenote_note":"","_monsterinsights_sitenote_category":0,"_uf_show_specific_survey":0,"_uf_disable_surveys":false,"footnotes":""},"class_list":["post-741","page","type-page","status-publish","hentry"],"aioseo_notices":[],"aioseo_head":"\n\t\t<!-- All in One SEO Pro 4.7.9 - aioseo.com -->\n\t\t<meta name=\"description\" content=\"Hvala vam na va\u0161em interesu! Ako imate bilo kakva pitanja, komentare ili trebate dodatne informacije, molimo kontaktirajte nas na e mail matematika@otroci.org ili ispunite dolje navedeni kontakt obrazac. Veselimo se va\u0161e poruke i potrudit \u0107emo se da vam \u0161to prije odgovorimo. Va\u0161e povratne informacije su nam vrlo va\u017ene.\" \/>\n\t\t<meta name=\"robots\" content=\"max-image-preview:large\" \/>\n\t\t<meta name=\"google-site-verification\" content=\"mnf8K-O4G6Hs56tDE8E9dRdEoHAJVkwJ6isBJVOr_cc\" \/>\n\t\t<link rel=\"canonical\" href=\"https:\/\/trgovina-matematika.otroci.org\/index.php\/kontaktirajte-nas\/\" \/>\n\t\t<meta name=\"generator\" content=\"All in One SEO Pro (AIOSEO) 4.7.9\" \/>\n\t\t<meta property=\"og:locale\" content=\"hr_HR\" \/>\n\t\t<meta property=\"og:site_name\" content=\"Matematika -\" \/>\n\t\t<meta property=\"og:type\" content=\"article\" \/>\n\t\t<meta property=\"og:title\" content=\"Kontaktirajte nas - Matematika\" \/>\n\t\t<meta property=\"og:description\" content=\"Hvala vam na va\u0161em interesu! Ako imate bilo kakva pitanja, komentare ili trebate dodatne informacije, molimo kontaktirajte nas na e mail matematika@otroci.org ili ispunite dolje navedeni kontakt obrazac. Veselimo se va\u0161e poruke i potrudit \u0107emo se da vam \u0161to prije odgovorimo. Va\u0161e povratne informacije su nam vrlo va\u017ene.\" \/>\n\t\t<meta property=\"og:url\" content=\"https:\/\/trgovina-matematika.otroci.org\/index.php\/kontaktirajte-nas\/\" \/>\n\t\t<meta property=\"og:image\" content=\"https:\/\/trgovina-matematika.otroci.org\/wp-content\/uploads\/2024\/11\/cropped-cropped-logo_matematika_otroci.jpg\" \/>\n\t\t<meta property=\"og:image:secure_url\" content=\"https:\/\/trgovina-matematika.otroci.org\/wp-content\/uploads\/2024\/11\/cropped-cropped-logo_matematika_otroci.jpg\" \/>\n\t\t<meta property=\"article:published_time\" content=\"2024-11-10T19:35:47+00:00\" \/>\n\t\t<meta property=\"article:modified_time\" content=\"2024-11-10T19:35:48+00:00\" \/>\n\t\t<meta name=\"twitter:card\" content=\"summary_large_image\" \/>\n\t\t<meta name=\"twitter:title\" content=\"Kontaktirajte nas - Matematika\" \/>\n\t\t<meta name=\"twitter:description\" content=\"Hvala vam na va\u0161em interesu! Ako imate bilo kakva pitanja, komentare ili trebate dodatne informacije, molimo kontaktirajte nas na e mail matematika@otroci.org ili ispunite dolje navedeni kontakt obrazac. Veselimo se va\u0161e poruke i potrudit \u0107emo se da vam \u0161to prije odgovorimo. Va\u0161e povratne informacije su nam vrlo va\u017ene.\" \/>\n\t\t<meta name=\"twitter:image\" content=\"https:\/\/trgovina-matematika.otroci.org\/wp-content\/uploads\/2024\/11\/cropped-cropped-logo_matematika_otroci.jpg\" \/>\n\t\t<script type=\"application\/ld+json\" class=\"aioseo-schema\">\n\t\t\t{\"@context\":\"https:\\\/\\\/schema.org\",\"@graph\":[{\"@type\":\"BreadcrumbList\",\"@id\":\"https:\\\/\\\/trgovina-matematika.otroci.org\\\/index.php\\\/kontaktirajte-nas\\\/#breadcrumblist\",\"itemListElement\":[{\"@type\":\"ListItem\",\"@id\":\"https:\\\/\\\/trgovina-matematika.otroci.org\\\/#listItem\",\"position\":1,\"name\":\"Home\",\"item\":\"https:\\\/\\\/trgovina-matematika.otroci.org\\\/\",\"nextItem\":\"https:\\\/\\\/trgovina-matematika.otroci.org\\\/index.php\\\/kontaktirajte-nas\\\/#listItem\"},{\"@type\":\"ListItem\",\"@id\":\"https:\\\/\\\/trgovina-matematika.otroci.org\\\/index.php\\\/kontaktirajte-nas\\\/#listItem\",\"position\":2,\"name\":\"Kontaktirajte nas\",\"previousItem\":\"https:\\\/\\\/trgovina-matematika.otroci.org\\\/#listItem\"}]},{\"@type\":\"Organization\",\"@id\":\"https:\\\/\\\/trgovina-matematika.otroci.org\\\/#organization\",\"name\":\"Matematika\",\"url\":\"https:\\\/\\\/trgovina-matematika.otroci.org\\\/\",\"telephone\":\"+38641551313\",\"logo\":{\"@type\":\"ImageObject\",\"url\":\"https:\\\/\\\/trgovina-matematika.otroci.org\\\/wp-content\\\/uploads\\\/2024\\\/11\\\/cropped-cropped-logo_matematika_otroci.jpg\",\"@id\":\"https:\\\/\\\/trgovina-matematika.otroci.org\\\/index.php\\\/kontaktirajte-nas\\\/#organizationLogo\",\"width\":325,\"height\":104,\"caption\":\"Logo web stranice 'matematika.otroci.org' s raznobojnim slovima koja tvore rije\\u010d 'otroci', ispod koje je tekst 'Matematika - tajanstvena i \\u010darobna znanost'.\"},\"image\":{\"@id\":\"https:\\\/\\\/trgovina-matematika.otroci.org\\\/index.php\\\/kontaktirajte-nas\\\/#organizationLogo\"}},{\"@type\":\"WebPage\",\"@id\":\"https:\\\/\\\/trgovina-matematika.otroci.org\\\/index.php\\\/kontaktirajte-nas\\\/#webpage\",\"url\":\"https:\\\/\\\/trgovina-matematika.otroci.org\\\/index.php\\\/kontaktirajte-nas\\\/\",\"name\":\"Kontaktirajte nas - Matematika\",\"description\":\"Hvala vam na va\\u0161em interesu! Ako imate bilo kakva pitanja, komentare ili trebate dodatne informacije, molimo kontaktirajte nas na e mail matematika@otroci.org ili ispunite dolje navedeni kontakt obrazac. Veselimo se va\\u0161e poruke i potrudit \\u0107emo se da vam \\u0161to prije odgovorimo. Va\\u0161e povratne informacije su nam vrlo va\\u017ene.\",\"inLanguage\":\"hr\",\"isPartOf\":{\"@id\":\"https:\\\/\\\/trgovina-matematika.otroci.org\\\/#website\"},\"breadcrumb\":{\"@id\":\"https:\\\/\\\/trgovina-matematika.otroci.org\\\/index.php\\\/kontaktirajte-nas\\\/#breadcrumblist\"},\"datePublished\":\"2024-11-10T20:35:47+01:00\",\"dateModified\":\"2024-11-10T20:35:48+01:00\"},{\"@type\":\"WebSite\",\"@id\":\"https:\\\/\\\/trgovina-matematika.otroci.org\\\/#website\",\"url\":\"https:\\\/\\\/trgovina-matematika.otroci.org\\\/\",\"name\":\"Matematika\",\"inLanguage\":\"hr\",\"publisher\":{\"@id\":\"https:\\\/\\\/trgovina-matematika.otroci.org\\\/#organization\"}}]}\n\t\t<\/script>\n\t\t<!-- All in One SEO Pro -->\r\n\t\t<title>Kontaktirajte nas - Matematika<\/title>\n\n","aioseo_head_json":{"title":"Kontaktirajte nas - Matematika","description":"Hvala vam na va\u0161em interesu! Ako imate bilo kakva pitanja, komentare ili trebate dodatne informacije, molimo kontaktirajte nas na e mail matematika@otroci.org ili ispunite dolje navedeni kontakt obrazac. Veselimo se va\u0161e poruke i potrudit \u0107emo se da vam \u0161to prije odgovorimo. Va\u0161e povratne informacije su nam vrlo va\u017ene.","canonical_url":"https:\/\/trgovina-matematika.otroci.org\/index.php\/kontaktirajte-nas\/","robots":"max-image-preview:large","keywords":"","webmasterTools":{"google-site-verification":"mnf8K-O4G6Hs56tDE8E9dRdEoHAJVkwJ6isBJVOr_cc","miscellaneous":""},"og:locale":"hr_HR","og:site_name":"Matematika -","og:type":"article","og:title":"Kontaktirajte nas - Matematika","og:description":"Hvala vam na va\u0161em interesu! Ako imate bilo kakva pitanja, komentare ili trebate dodatne informacije, molimo kontaktirajte nas na e mail matematika@otroci.org ili ispunite dolje navedeni kontakt obrazac. Veselimo se va\u0161e poruke i potrudit \u0107emo se da vam \u0161to prije odgovorimo. Va\u0161e povratne informacije su nam vrlo va\u017ene.","og:url":"https:\/\/trgovina-matematika.otroci.org\/index.php\/kontaktirajte-nas\/","og:image":"https:\/\/trgovina-matematika.otroci.org\/wp-content\/uploads\/2024\/11\/cropped-cropped-logo_matematika_otroci.jpg","og:image:secure_url":"https:\/\/trgovina-matematika.otroci.org\/wp-content\/uploads\/2024\/11\/cropped-cropped-logo_matematika_otroci.jpg","article:published_time":"2024-11-10T19:35:47+00:00","article:modified_time":"2024-11-10T19:35:48+00:00","twitter:card":"summary_large_image","twitter:title":"Kontaktirajte nas - Matematika","twitter:description":"Hvala vam na va\u0161em interesu! Ako imate bilo kakva pitanja, komentare ili trebate dodatne informacije, molimo kontaktirajte nas na e mail matematika@otroci.org ili ispunite dolje navedeni kontakt obrazac. Veselimo se va\u0161e poruke i potrudit \u0107emo se da vam \u0161to prije odgovorimo. Va\u0161e povratne informacije su nam vrlo va\u017ene.","twitter:image":"https:\/\/trgovina-matematika.otroci.org\/wp-content\/uploads\/2024\/11\/cropped-cropped-logo_matematika_otroci.jpg","schema":{"@context":"https:\/\/schema.org","@graph":[{"@type":"BreadcrumbList","@id":"https:\/\/trgovina-matematika.otroci.org\/index.php\/kontaktirajte-nas\/#breadcrumblist","itemListElement":[{"@type":"ListItem","@id":"https:\/\/trgovina-matematika.otroci.org\/#listItem","position":1,"name":"Home","item":"https:\/\/trgovina-matematika.otroci.org\/","nextItem":"https:\/\/trgovina-matematika.otroci.org\/index.php\/kontaktirajte-nas\/#listItem"},{"@type":"ListItem","@id":"https:\/\/trgovina-matematika.otroci.org\/index.php\/kontaktirajte-nas\/#listItem","position":2,"name":"Kontaktirajte nas","previousItem":"https:\/\/trgovina-matematika.otroci.org\/#listItem"}]},{"@type":"Organization","@id":"https:\/\/trgovina-matematika.otroci.org\/#organization","name":"Matematika","url":"https:\/\/trgovina-matematika.otroci.org\/","telephone":"+38641551313","logo":{"@type":"ImageObject","url":"https:\/\/trgovina-matematika.otroci.org\/wp-content\/uploads\/2024\/11\/cropped-cropped-logo_matematika_otroci.jpg","@id":"https:\/\/trgovina-matematika.otroci.org\/index.php\/kontaktirajte-nas\/#organizationLogo","width":325,"height":104,"caption":"Logo web stranice 'matematika.otroci.org' s raznobojnim slovima koja tvore rije\u010d 'otroci', ispod koje je tekst 'Matematika - tajanstvena i \u010darobna znanost'."},"image":{"@id":"https:\/\/trgovina-matematika.otroci.org\/index.php\/kontaktirajte-nas\/#organizationLogo"}},{"@type":"WebPage","@id":"https:\/\/trgovina-matematika.otroci.org\/index.php\/kontaktirajte-nas\/#webpage","url":"https:\/\/trgovina-matematika.otroci.org\/index.php\/kontaktirajte-nas\/","name":"Kontaktirajte nas - Matematika","description":"Hvala vam na va\u0161em interesu! Ako imate bilo kakva pitanja, komentare ili trebate dodatne informacije, molimo kontaktirajte nas na e mail matematika@otroci.org ili ispunite dolje navedeni kontakt obrazac. Veselimo se va\u0161e poruke i potrudit \u0107emo se da vam \u0161to prije odgovorimo. Va\u0161e povratne informacije su nam vrlo va\u017ene.","inLanguage":"hr","isPartOf":{"@id":"https:\/\/trgovina-matematika.otroci.org\/#website"},"breadcrumb":{"@id":"https:\/\/trgovina-matematika.otroci.org\/index.php\/kontaktirajte-nas\/#breadcrumblist"},"datePublished":"2024-11-10T20:35:47+01:00","dateModified":"2024-11-10T20:35:48+01:00"},{"@type":"WebSite","@id":"https:\/\/trgovina-matematika.otroci.org\/#website","url":"https:\/\/trgovina-matematika.otroci.org\/","name":"Matematika","inLanguage":"hr","publisher":{"@id":"https:\/\/trgovina-matematika.otroci.org\/#organization"}}]}},"aioseo_meta_data":{"post_id":"741","title":null,"description":null,"keywords":null,"keyphrases":{"focus":{"keyphrase":"","score":0,"analysis":{"keyphraseInTitle":{"score":0,"maxScore":9,"error":1}}},"additional":[]},"primary_term":null,"canonical_url":null,"og_title":null,"og_description":null,"og_object_type":"default","og_image_type":"default","og_image_url":null,"og_image_width":null,"og_image_height":null,"og_image_custom_url":null,"og_image_custom_fields":null,"og_video":"","og_custom_url":null,"og_article_section":null,"og_article_tags":null,"twitter_use_og":false,"twitter_card":"default","twitter_image_type":"default","twitter_image_url":null,"twitter_image_custom_url":null,"twitter_image_custom_fields":null,"twitter_title":null,"twitter_description":null,"schema":{"blockGraphs":[],"customGraphs":[],"default":{"data":{"Article":[],"Course":[],"Dataset":[],"FAQPage":[],"Movie":[],"Person":[],"Product":[],"ProductReview":[],"Car":[],"Recipe":[],"Service":[],"SoftwareApplication":[],"WebPage":[]},"graphName":"WebPage","isEnabled":true},"graphs":[]},"schema_type":"default","schema_type_options":null,"pillar_content":false,"robots_default":true,"robots_noindex":false,"robots_noarchive":false,"robots_nosnippet":false,"robots_nofollow":false,"robots_noimageindex":false,"robots_noodp":false,"robots_notranslate":false,"robots_max_snippet":"-1","robots_max_videopreview":"-1","robots_max_imagepreview":"large","priority":null,"frequency":"default","local_seo":null,"limit_modified_date":false,"open_ai":{"title":{"suggestions":[],"usage":0},"description":{"suggestions":[],"usage":0}},"created":"2024-11-10 19:35:48","updated":"2024-11-10 19:42:35"},"aioseo_breadcrumb":"<div class=\"aioseo-breadcrumbs\"><span class=\"aioseo-breadcrumb\">\n\t<a href=\"https:\/\/trgovina-matematika.otroci.org\" title=\"Home\">Home<\/a>\n<\/span><span class=\"aioseo-breadcrumb-separator\">&raquo;<\/span><span class=\"aioseo-breadcrumb\">\n\tKontaktirajte nas\n<\/span><\/div>","aioseo_breadcrumb_json":[{"label":"Home","link":"https:\/\/trgovina-matematika.otroci.org"},{"label":"Kontaktirajte nas","link":"https:\/\/trgovina-matematika.otroci.org\/index.php\/kontaktirajte-nas\/"}],"_links":{"self":[{"href":"https:\/\/trgovina-matematika.otroci.org\/index.php\/wp-json\/wp\/v2\/pages\/741","targetHints":{"allow":["GET"]}}],"collection":[{"href":"https:\/\/trgovina-matematika.otroci.org\/index.php\/wp-json\/wp\/v2\/pages"}],"about":[{"href":"https:\/\/trgovina-matematika.otroci.org\/index.php\/wp-json\/wp\/v2\/types\/page"}],"author":[{"embeddable":true,"href":"https:\/\/trgovina-matematika.otroci.org\/index.php\/wp-json\/wp\/v2\/users\/1"}],"replies":[{"embeddable":true,"href":"https:\/\/trgovina-matematika.otroci.org\/index.php\/wp-json\/wp\/v2\/comments?post=741"}],"version-history":[{"count":1,"href":"https:\/\/trgovina-matematika.otroci.org\/index.php\/wp-json\/wp\/v2\/pages\/741\/revisions"}],"predecessor-version":[{"id":742,"href":"https:\/\/trgovina-matematika.otroci.org\/index.php\/wp-json\/wp\/v2\/pages\/741\/revisions\/742"}],"wp:attachment":[{"href":"https:\/\/trgovina-matematika.otroci.org\/index.php\/wp-json\/wp\/v2\/media?parent=741"}],"curies":[{"name":"wp","href":"https:\/\/api.w.org\/{rel}","templated":true}]}}